{"id":106,"date":"2013-10-12T13:07:58","date_gmt":"2013-10-12T10:07:58","guid":{"rendered":"http:\/\/www.vremea.ro\/?page_id=106"},"modified":"2023-02-21T12:27:42","modified_gmt":"2023-02-21T10:27:42","slug":"privacy-policy","status":"publish","type":"page","link":"https:\/\/www.vremea.ro\/gt\/privacy-policy\/","title":{"rendered":"Politica de confidentialitate"},"content":{"rendered":"<p>V\u0103 transmitem aceast\u0103 Not\u0103 de informare la \u00eenceputul interac\u021biunii noastre prin intermediul acestui site web pentru a v\u0103 explica modul \u00een care prelucr\u0103m \u0219i protej\u0103m datele cu caracter personal.\u00a0Conform cerin\u021belor Regulamentului (UE) 2016\/679 privind protec\u021bia persoanelor fizice \u00een ceea ce prive\u0219te prelucrarea datelor cu caracter personal \u0219i privind libera circula\u021bie a acestor date (in continuare denumit \u201eRegulamentul GDPR\u201d) aplicabil din data de 25 mai 2018, avem obliga\u021bia de a administra \u00een condi\u021bii de siguran\u021b\u0103 \u0219i numai pentru scopurile specificate, datele personale pe care le furniza\u021bi prin utilizarea site-ului nostru \u00een acord cu prevederile Regulamentului GDPR.<br \/>\nS. C. Vremea Onlin\u0435 S.R.L., av\u00e2nd cod de identificare fiscala 37795720, fiind \u00eenregistrat\u0103 la Registrul Comer\u021bului cu nr. J4\/1069\/2017, avand sediul \u00een Str. 9 Mai, nr. 80 B 16, municipiul Bacau, este operator al datelor personale transmise prin intermediul acestui site.<\/p>\n<p>Site-ul vremea.ro este g\u0103zduit pe web-servere apar\u021bin\u00e2nd S.C. Romarg S.R.L. Bra\u0219ov.<\/p>\n<h2>Ce date personale colect\u0103m \u0219i de ce le colect\u0103m<\/h2>\n<p>Putem colecta, stoca si utiliza urmatoarele tipuri de date personale:<\/p>\n<ul>\n<li>informa\u021bii despre computerul dvs. si despre vizitele si utilizarea acestui site web (inclusiv adresa dvs. IP, locatia geografica, tipul si versiunea browserului, sistemul de operare, sursa de recomandare, durata vizitei, vizualiz\u0103rile de pagina si c\u0103ile de navigare ale site-ului);<\/li>\n<li>informatiile pe care ni le furnizati la crearea unui cont (inclusiv informatiile dvs. de contact);<\/li>\n<li>informatiile pe care ni le furnizati in scopul de a va abona la notificarile prin e-mail (inclusiv numele si adresa dvs. de e-mail);<\/li>\n<li>informatiile pe care ni le furnizati atunci cand utilizati serviciile sau informatiile care sunt generate in timpul utilizarii acestor servicii (inclusiv calendarul, frecventa si modelul utilizarii serviciilor);<\/li>\n<li>informatiile continute in sau legate de orice comunicare pe care ne-o trimiteti sau trimiteti prin acest site (inclusiv corespondenta cu noi, continutul comunicarii si datele asociate cu comunicarea);<\/li>\n<li>orice alte date personale pe care ati ales sa ni le trimiteti.<\/li>\n<\/ul>\n<h3>Comentarii \u0219i Formulare de contact<\/h3>\n<p>C\u00e2nd vizitatorii las\u0103 comentarii pe sit, colect\u0103m datele ar\u0103tate \u00een formularele de comentarii, dar \u0219i adresa IP a vizitatorului \u0219i \u0219irul agen\u021bilor utilizator din navigator pentru a ne ajuta la detectarea spamului.<\/p>\n<p>Un \u0219ir f\u0103cut anonim (numit \u0219i un hash), creat din adresele tale de email, poate fi furnizat serviciului Gravatar pentru a vedea dac\u0103 \u00eel folose\u0219ti. Politica de confiden\u021bialitate a serviciului Gravatar este disponibil\u0103 aici: https:\/\/automattic.com\/privacy\/. Dup\u0103 aprobarea comentariului, fotografia ta de profil este vizibil\u0103 pentru public l\u00e2ng\u0103 comentariul t\u0103u.<\/p>\n<h3>Media<\/h3>\n<p>Dac\u0103 \u00eencarci imagini pe situl web, ar trebui s\u0103 evi\u021bi \u00eenc\u0103rcarea imaginilor care au incluse date de loca\u021bie \u00eenglobate (EXIF GPS). Vizitatorii sitului web pot desc\u0103rca \u0219i extrage toate datele despre loca\u021bie din imaginile de pe website.<\/p>\n<h3>Con\u021binut \u00eenglobat de pe alte situri web<\/h3>\n<p>Articolele din acest sit pot include con\u021binut \u00eenglobat (de exemplu, videouri, imagini, articole etc.). Con\u021binutul \u00eenglobat de pe alte situri web se comporta exact la fel ca \u0219i cum vizitatorii au vizualizat un alt sit web.<\/p>\n<p>Aceste situri web pot s\u0103 colecteze date despre tine, s\u0103 foloseasc\u0103 cookie-uri, s\u0103 \u00eenglobeze urm\u0103rirea suplimentar\u0103 a ter\u021bilor \u0219i s\u0103-\u021bi monitorizeze interac\u021biunea cu con\u021binutul \u00eenglobat, inclusiv s\u0103-\u021bi urm\u0103reasc\u0103 interac\u021biunea cu con\u021binutul \u00eenglobat dac\u0103 ai un cont \u0219i e\u0219ti autentificat \u00een acel sit web.<\/p>\n<h2>Cu cine partaj\u0103m datele tale<\/h2>\n<p>Nu vom transmite niciodat\u0103 datele tale personale unor ter\u021bi f\u0103r\u0103 acceptul t\u0103u. Nu vom vinde niciodat\u0103 datele tale personale.<\/p>\n<p>Cu toate acestea, putem, e posibil s\u0103 fim nevoi\u021bi s\u0103 dezv\u0103luim datele dvs. personale \u00een anumite cazuri:<\/p>\n<ul>\n<li>in masura in care suntem obligati sa facem acest lucru prin lege;<\/li>\n<li>in legatura cu orice procedura judiciara in desfasurare sau potentiala;<\/li>\n<li>pentru a stabili, exercita sau apara drepturile legale (inclusiv furnizarea de informatii altor persoane in scopul prevenirii fraudei).<\/li>\n<\/ul>\n<h2>C\u00e2t timp \u00ee\u021bi p\u0103str\u0103m datele<\/h2>\n<p>Dac\u0103 la\u0219i un comentariu, comentariul \u0219i metadatele lui sunt p\u0103strate pe o perioad\u0103 nedeterminat\u0103. A\u0219a putem recunoa\u0219te \u0219i aproba automat toate comentariile urm\u0103toare \u00een loc s\u0103 le \u021binem \u00eentr-o coad\u0103 pentru moderare.<\/p>\n<p>Pentru utilizatorii care se \u00eenregistreaz\u0103 pe situl nostru web, stoc\u0103m \u0219i informa\u021biile personale pe care le furnizeaz\u0103 \u00een profilul lor de utilizator. To\u021bi utilizatorii \u00ee\u0219i pot vedea, edita sau \u0219terge informa\u021biile personale oric\u00e2nd (dar nu \u00ee\u0219i pot schimba numele de utilizator). De asemenea, administratorii sitului web pot vedea \u0219i edita aceste informa\u021bii.<\/p>\n<h2>Ce drepturi ai asupra datelor tale<\/h2>\n<p>Regulamentul GDPR ofera anumite drepturi persoanelor vizate. Dac\u0103 ai un cont sau ai l\u0103sat comentarii pe acest sit web, po\u021bi cere s\u0103 prime\u0219ti un fi\u0219ier de export cu datele personale pe care le de\u021binem despre tine, inclusiv toate datele pe care ni le-ai furnizat. Daca accesul nu poate fi furnizat intr-un interval de timp rezonabil, va vom furniza o data la care informatiile vor fi transmise. Puteti solicita, de asemenea, informatii suplimentare despre: scopul prelucrarii, categoriile de date cu caracter personal vizate, care a fost sursa informatiilor si cat timp vor fi stocate.\u00a0De asemenea, ne po\u021bi cere s\u0103 \u0219tergem toate datele personale pe care le de\u021binem despre tine. Acestea nu includ toate datele pe care suntem obliga\u021bi s\u0103 le p\u0103str\u0103m \u00een scopuri administrative, juridice sau de securitate.<\/p>\n<p>AVERTIZARE! Va rugam sa va exersati cu intelepciune drepturile si sa retineti ca abuzul de drepturi va poate atrage raspunderea.<\/p>\n<h2>Informa\u021bii suplimentare<\/h2>\n<p>Precizam ca nu vom solicita ori primi informa\u021bii, de orice natura, de la copiii sub 16 ani.<\/p>\n<h1>Cookie-uri<\/h1>\n<h2>Consimtamantul dvs. pentru utilizarea cookie-urilor<\/h2>\n<p>Odata ce ati accesat site-ul nostru veti fi intampinat de un mesaj prin care vi se va cere consimtamantul in acord cu dispozitiile legale aplicabile cu privire la categoriile de cookie-uri pe care veti fi sau nu de acord sa le folosim pe durata vizitei dvs. pe site-ul nostru. De asemenea, este important de retinut ca prin consimtamantul dat in sensul utilizarii cookie-ului\/urilor respectiv\/e veti fi de acord si cu stocarea in conditii de siguranta a informatiilor colectate de cookie-ul\/-urile cu care ati fost de acord.<\/p>\n<p>Pana la momentul la care procesul de accept\/refuz pentru utilizarea cookie-urilor nu este finalizat niciun cookie nu va fi utilizat de site-ul nostru, cu exceptia cookie-urilor in lipsa carora site-ul nu poate functiona.\u00a0Precizam ca oricand veti avea posibilitatea sa blocati rularea cookie-urilor asa cum veti vedea mai jos, dar si posibilitatea de a sterge informatiile colectate de cookie-uri.<\/p>\n<p>Dac\u0103 la\u0219i un comentariu pe situl nostru, po\u021bi opta pentru salvarea \u00een cookie-uri a numelui, adresei de email \u0219i sitului t\u0103u web. Acestea sunt pentru confortul t\u0103u, astfel nu mai trebuie s\u0103 le completezi din nou c\u00e2nd la\u0219i un alt comentariu. Aceste cookie-uri vor fi valabile un an.<\/p>\n<p>Dac\u0103 ai un cont \u0219i te autentifici \u00een acest sit, vom seta un cookie temporar pentru a determina dac\u0103 navigatorul t\u0103u accept\u0103 cookie-uri. Acest cookie nu con\u021bine date personale \u0219i este eliminat c\u00e2nd \u00eenchizi navigatorul.<\/p>\n<p>C\u00e2nd te autentifici, vom seta \u0219i c\u00e2teva cookie-uri pentru a-\u021bi salva informa\u021biile de autentificare \u0219i op\u021biunile de afi\u0219are pe ecran. Cookie-urile de autentificare sunt p\u0103strate dou\u0103 zile, iar cele pentru op\u021biuni de afi\u0219are pe ecran sunt p\u0103strate un an. Dac\u0103 selectezi \u201e\u021aine-m\u0103 minte\u201d, cookie-urile tale de autentificare vor fi p\u0103strate dou\u0103 s\u0103pt\u0103m\u00e2ni. Dac\u0103 te dezautentifici din cont, cookie-urile de autentificare vor fi eliminate.<\/p>\n<p>Dac\u0103 editezi sau publici un articol, un cookie suplimentar va fi salvat \u00een navigatorul t\u0103u. Acest cookie nu include date personale \u0219i indic\u0103 pur \u0219i simplu ID-ul articolului pe care tocmai l-ai editat. El expir\u0103 dup\u0103 1 zi.<\/p>\n<h2>Cum folosim noi cookie-urile pe acest site<\/h2>\n<p>Am clasificat cookie-urile noastre in urmatoarele categorii, pentru a va fi mai usor sa intelegeti de ce avem nevoie de ele:<\/p>\n<ol>\n<li>Strict necesare\u00a0\u2013 acestea sunt utilizate pentru eficientizarea lucrului nostru pe site. Aceste cookie-uri nu colecteaza informatii despre dvs. care ar putea fi folosite pentru publicitate sau pentru a inregistra activitatea dvs. pe internet. Fara aceste cookie-uri, acest site nu va functiona corect. Asadar, daca blocati aceste cookie-uri, nu putem prezice cum va evolua site-ul pentru dvs.<\/li>\n<li>Performanta\u00a0\u2013 acestea sunt utilizate pentru a analiza modul in care functioneaza site-ul nostru si cum il putem imbunatati, de exemplu, care sunt paginile vizualizate cel mai des si daca intampinati mesaje de eroare. Acestea nu colecteaza informatii care va pot identifica, toate datele fiind anonime. Utilizand site-ul nostru va exprimati acordul privind utilizarea de cookie-uri de \u201cperformanta\u201d. Daca le blocati, nu putem prezice cum va evolua site-ul pentru dvs.\u00a0Perioada de expirare a acestor fi\u0219iere de tip cookie este de 26 luni de la ultima dvs. accesare.<\/li>\n<li>Functionalitate\u00a0\u2013 acestea ajuta la imbunatatirea experientei dvs. Acestea pot inregistra modificarile pe care le-ati facut pe site. Informatiile pe care le colecteaza pot fi facute anonime. Acestea se refera strict la site-ul nostru si nu pot urmari alte site-uri pe care le vizitati.\u00a0Aveti posibilitatea sa blocati sau sa permiteti utilizarea acestor cookie-uri, dar blocarea lor poate insemna ca nu vom mai putea furniza anumite servicii. Este de asemenea posibil ca blocarea lor sa ne impiedice sa memoram ca nu ati dorit un anumit serviciu.<\/li>\n<li>Targeting\/publicitate\u00a0\u2013 acestea sunt utilizate pentru a face schimb de anumite informatii cu terte parti cu care facem reclama, pentru a sti cum ati ajuns pe site-ul nostru. De asemenea, putem utiliza cookie-uri pentru a identifica partile site-ului de care sunteti interesat. Utilizam apoi aceste informatii pentru a va arata reclame si pagini care credem ca va pot interesa, pentru a individualiza modul in care comunicam cu dvs. sau pentru a individualiza continutul comunicarilor pe care vi le trimitem.\u00a0Daca preferati, puteti opta pentru a renunta la acestea. Individualizarea continutului inseamna ca acesta include informatii care reflecta interesul pe care l-ati aratat fata de continutul paginilor noastre sau oferte ori promotii care credem ca v-ar putea interesa, si pentru a imbunatati modul in care raspundem la necesitatile dvs.<\/li>\n<\/ol>\n<p>Cookie-uri plasate de terti (\u201ethird party cookies\u201d) sunt plasate de un alt website decat cel pe care il viziteaza utilizatorul la momentul respectiv si ar putea fi folosite in mod anonim pentru a memora istoricul de navigare al unui utilizator, astfel incat acestuia sa-i fie livrata publicitate cat mai relevanta. Acest tip de cookie-uri pot fi blocate de un utilizator prin intermediul setarilor browser-ului.\u00a0Precizam ca nu avem control si nu suntem responsabili pentru politicile si practicile de confidentialitate ale unor terte parti, insa tertele parti se obliga sa respecte legea in vigoare si politicile de confidentialitate ale detinatorului acestui site.<\/p>\n<p><strong>Fi\u0219iere de tip cookie<\/strong><strong> utilizate \u00een scopuri statistice \u0219i pentru monitorizarea traficului web<\/strong><\/p>\n<p>Google Analytics<\/p>\n<p>Website-urile noastre utilizeaz\u0103 Google Analytics, un serviciu pentru analiza web, furnizat de Google. Acesta folose\u0219te fi\u0219iere cookie pentru a ajuta un anumit Website s\u0103 analizeze modul \u00een care utiliza\u021bi respectivul Website. Informa\u021biile generate de fi\u0219ierele de tip cookie cu privire la utilizarea de c\u0103tre dvs. a Website-ului (inclusiv adresa dvs. IP)\u00a0 vor fi transmise \u0219i stocate de Google pe servere care pot fi localizate \u00een UE, SEE \u015fi\/sau Statele Unite. Google va utiliza aceste informa\u021bii \u00een scopul evalu\u0103rii utiliz\u0103rii de c\u0103tre dvs. a Website-ului, elabor\u00e2nd rapoarte cu privire la activitatea Website-ului pentru operatorii Website-ului \u0219i furniz\u00e2nd alte servicii referitoare la activitatea Website-ului. De asemenea, Google poate transfera aceste informa\u021bii c\u0103tre ter\u021bi \u00een cazul \u00een care are aceast\u0103 obliga\u0163ie conform legii sau \u00een cazul \u00een care ace\u0219ti ter\u021bi prelucreaz\u0103 informa\u021biile \u00een numele Google. Google nu va asocia adresa dvs. IP cu alte date de\u021binute de Google.<\/p>\n<p>Pute\u021bi renun\u021ba la Google Analytics f\u0103r\u0103 a v\u0103 fi afectat modul \u00een care pute\u021bi folosi site-ul nostru web, pentru aceasta pute\u021bi instala un add-on la browserul dvs. web (<a href=\"http:\/\/tools.google.com\/dlpage\/gaoptout\">http:\/\/tools.google.com\/dlpage\/gaoptout<\/a>).\u00a0Informa\u021bii detaliate cu privire la Google Analytics \u0219i protec\u021bia datelor cu caracter personal (inclusiv modul \u00een care pute\u021bi controla informa\u021biile trimise c\u0103tre Google) pot fi g\u0103site la: <a href=\"https:\/\/policies.google.com\/privacy\/partners\">https:\/\/policies.google.com\/privacy\/partners<\/a>.<\/p>\n<p><strong>Fi\u0219iere de tip cookie<\/strong><strong> utilizate \u00een scopuri publicitare<\/strong><\/p>\n<p>Pentru a primi anun\u021buri publicitare \u0219i con\u021binut de marketing, personalizate \u00een func\u021bie de preferin\u021bele dvs., Website-ul nostru utilizeaz\u0103 tehnologia DoubleClick for Publishers (DFP) \u015fi Google Adsense, furnizate de Google. Informa\u021biile generate de fi\u0219ierele de tip cookie cu privire la utilizarea de c\u0103tre dvs. a Website-ului (inclusiv adresa dvs. IP)\u00a0 vor fi transmise \u0219i stocate de Google pe servere care pot fi localizate \u00een UE, SEE \u015fi\/sau Statele Unite. De asemenea, Google poate transfera aceste informa\u021bii c\u0103tre ter\u021bi \u00een cazul \u00een care are aceast\u0103 obliga\u0163ie conform legii sau \u00een cazul \u00een care ace\u0219ti ter\u021bi prelucreaz\u0103 informa\u021biile \u00een numele Google. Google nu va asocia adresa dvs. IP cu alte date de\u021binute de Google.\u00a0Asemenea fi\u015fiere de tip cookie nu pot fi accesate de c\u0103tre noi.<\/p>\n<p>Informa\u021bii detaliate cu privire la serviciile Google \u0219i protec\u021bia datelor cu caracter personal (inclusiv modul \u00een care pute\u021bi controla informa\u021biile trimise c\u0103tre Google) pot fi g\u0103site la: <a href=\"https:\/\/policies.google.com\/privacy\/partners\">https:\/\/policies.google.com\/privacy\/partners<\/a>.<\/p>\n<p><strong>Fi\u0219iere de tip cookie utilizate de re\u021belele sociale<\/strong><\/p>\n<p>Pe site-ul nostru, ter\u0163e p\u0103r\u0163i care furnizeaz\u0103 aplica\u0163ii prin intermediul Website-urilor lor pot plasa fi\u015fiere de tip cookie \u00een vederea monitoriz\u0103rii performan\u0163ei aplica\u0163iilor lor sau pentru a-\u015fi personaliza aceste aplica\u0163ii pentru dvs. De exemplu, atunci c\u00e2nd distribui\u0163i un articol utiliz\u00e2nd un buton de distribuire \u00een re\u0163elele de socializare (de ex. pe Facebook) disponibil pe Website-ul nostru, platforma re\u0163elei de socializare asociat\u0103 butonului respectiv va \u00eenregistra acest lucru. De asemenea, eposibil s\u0103 avem con\u0163inut integrat (\u201eembedded\u201d), de exemplu con\u0163inut video al unor ter\u0163e p\u0103r\u0163i precum YouTube, \u015fi, \u00een acest caz, ace\u015fti ter\u0163i pot s\u0103-\u015fi plaseze la r\u00e2ndul lor propriile fi\u015fiere de tip cookie.\u00a0Asemenea fi\u015fiere de tip cookie nu pot fi accesate de c\u0103tre noi.<\/p>\n<h2>Cum puteti opri cookie-urile?<\/h2>\n<p>Dezactivarea si refuzul de a primi cookie-uri pot face anumite site-uri impracticabile sau dificil de vizitat si folosit. De exemplu, daca nu sunteti inregistat folosind cookie-urile, nu veti putea lasa comentarii.\u00a0De asemenea, refuzul de a accepta cookie-uri nu inseamna ca nu veti mai primi\/vedea publicitate online.<\/p>\n<p>Este posibila setarea din browser pentru ca aceste cookie-uri sa nu mai fie acceptate sau puteti seta browserul sa accepte cookie-uri de la un site anume.\u00a0Toate browserele moderne ofera posibilitatea de a schimba setarile cookie-urilor. Aceste setari se gasesc de regula in &#8222;optiuni&#8221; sau in meniul de &#8222;preferinte&#8221; al browserului dvs.<br \/>\nPentru a intelege aceste setari, urmatoarele linkuri pot fi de ajutor:<\/p>\n<p><a href=\"https:\/\/support.microsoft.com\/en-us\/kb\/196955\">Cookie settings in Internet Explorer<\/a><\/p>\n<p><a href=\"https:\/\/support.google.com\/chrome\/answer\/95647?hl=en\">Cookie settings in Chrome<\/a><\/p>\n<p><a href=\"https:\/\/support.mozilla.org\/en-US\/kb\/cookies-information-websites-store-on-your-computer?redirectlocale=en-US&amp;redirectslug=Cookies\">Cookie settings in Firefox<\/a><\/p>\n<p><a href=\"https:\/\/support.apple.com\/kb\/PH5042?locale=en_US\">Cookie settings in Safari<\/a><\/p>\n<p>Pentru setarile cookie-urilor generate de terti, folosite \u00een domeniul publicitatii online de tip comportamental, puteti folosi site-ul:<br \/>\n<a href=\"http:\/\/www.youronlinechoices.com\/ro\/\">http:\/\/www.youronlinechoices.com\/ro\/<\/a><\/p>\n","protected":false},"excerpt":{"rendered":"<p>V\u0103 transmitem aceast\u0103 Not\u0103 de informare la \u00eenceputul interac\u021biunii noastre prin intermediul acestui site web pentru a v\u0103 explica modul \u00een care prelucr\u0103m \u0219i protej\u0103m datele cu caracter personal.\u00a0Conform cerin\u021belor Regulamentului (UE) 2016\/679 privind protec\u021bia persoanelor fizice \u00een ceea ce prive\u0219te prelucrarea datelor cu caracter personal \u0219i privind libera circula\u021bie a acestor date (in continuare [&hellip;]<\/p>\n","protected":false},"author":1,"featured_media":0,"parent":0,"menu_order":0,"comment_status":"open","ping_status":"closed","template":"","meta":{"jetpack_post_was_ever_published":false,"footnotes":""},"class_list":["post-106","page","type-page","status-publish","hentry"],"jetpack_sharing_enabled":true,"_links":{"self":[{"href":"https:\/\/www.vremea.ro\/gt\/wp-json\/wp\/v2\/pages\/106","targetHints":{"allow":["GET"]}}],"collection":[{"href":"https:\/\/www.vremea.ro\/gt\/wp-json\/wp\/v2\/pages"}],"about":[{"href":"https:\/\/www.vremea.ro\/gt\/wp-json\/wp\/v2\/types\/page"}],"author":[{"embeddable":true,"href":"https:\/\/www.vremea.ro\/gt\/wp-json\/wp\/v2\/users\/1"}],"replies":[{"embeddable":true,"href":"https:\/\/www.vremea.ro\/gt\/wp-json\/wp\/v2\/comments?post=106"}],"version-history":[{"count":6,"href":"https:\/\/www.vremea.ro\/gt\/wp-json\/wp\/v2\/pages\/106\/revisions"}],"predecessor-version":[{"id":3587,"href":"https:\/\/www.vremea.ro\/gt\/wp-json\/wp\/v2\/pages\/106\/revisions\/3587"}],"wp:attachment":[{"href":"https:\/\/www.vremea.ro\/gt\/wp-json\/wp\/v2\/media?parent=106"}],"curies":[{"name":"wp","href":"https:\/\/api.w.org\/{rel}","templated":true}]}}