{"id":4,"date":"2013-08-29T00:33:02","date_gmt":"2013-08-29T00:33:02","guid":{"rendered":"http:\/\/www.vremea.ro\/?page_id=4"},"modified":"2020-04-01T18:37:23","modified_gmt":"2020-04-01T15:37:23","slug":"vremea-in-romania","status":"publish","type":"page","link":"https:\/\/www.vremea.ro\/gt\/vremea-in-romania\/","title":{"rendered":""},"content":{"rendered":"<h2><a href=\"http:\/\/www.vremea.ro\/\" title=\"Vremea.ro\">Vremea.ro<\/a><\/h2>\n<style type=\"text\/css\">\n.content_middle{\twidth:100%; \tmargin:auto;\nbackground-color: #fff;\nheight:100%;\npadding:20px 2px 30px 4px; \t\n\t}\n#hartaindex{padding:2px !important;}\n.m_i{display:block;width:374px;height:290px;position:relative;background-position:0 0;background-repeat:no-repeat}\n.m_i .m_k{display:block;position:absolute;text-indent:-999em;overflow:hidden}\n.m_i #h_k0{width:17px;height:13px;top:199px;left:209px}\n.m_i #h_k1{width:29px;height:14px;top:101px;left:122px}.m_i #h_k2{width:27px;height:28px;top:206px;left:277px}.m_i #h_k3{width:30px;height:23px;top:75px;left:242px}.m_i #h_k4{width:47px;height:16px;top:144px;left:40px}.m_i #h_k5{width:22px;height:31px;top:219px;left:128px}.m_i #h_k6{width:20px;height:14px;top:141px;left:177px}.m_i #h_k7{width:15px;height:10px;top:171px;left:204px}.m_i #h_k8{width:15px;height:11px;top:188px;left:189px}.m_i #h_k9{width:15px;height:16px;top:168px;left:170px}.m_i #h_k10{width:13px;height:23px;top:165px;left:147px}.m_i #h_k11{width:17px;height:18px;top:177px;left:121px}.m_i #h_k12{width:35px;height:23px;top:139px;left:260px}.m_i #h_k13{width:20px;height:17px;top:171px;left:255px}.m_i #h_k14{width:26px;height:16px;top:113px;left:223px}.m_i #h_k15{width:44px;height:18px;top:118px;left:53px}.m_i #h_k16{width:29px;height:28px;top:82px;left:73px}.m_i #h_k17{width:30px;height:29px;top:43px;left:96px}.m_i #h_k18{width:31px;height:32px;top:38px;left:136px}.m_i #h_k19{width:23px;height:14px;top:80px;left:113px}.m_i #h_k20{width:18px;height:19px;top:76px;left:155px}.m_i #h_k21{width:18px;height:21px;top:103px;left:160px}.m_i #h_k22{width:18px;height:14px;top:142px;left:147px}.m_i #h_k23{width:18px;height:13px;top:124px;left:126px}.m_i #h_k24{width:21px;height:18px;top:145px;left:107px}.m_i #h_k25{width:32px;height:18px;top:174px;left:68px}.m_i #h_k26{width:22px;height:20px;top:202px;left:99px}.m_i #h_k27{width:15px;height:16px;top:206px;left:156px}.m_i #h_k28{width:18px;height:30px;top:228px;left:177px}.m_i #h_k29{width:17px;height:27px;top:221px;left:203px}.m_i #h_k30{width:23px;height:26px;top:213px;left:234px}.m_i #h_k31{width:21px;height:10px;top:195px;left:242px}.m_i #h_k32{width:16px;height:20px;top:166px;left:230px}.m_i #h_k33{width:41px;height:23px;top:170px;left:288px}.m_i #h_k34{width:29px;height:30px;top:48px;left:186px}.m_i #h_k35{width:29px;height:29px;top:36px;left:230px}.m_i #h_k36{width:20px;height:18px;top:87px;left:211px}.m_i #h_k37{width:25px;height:20px;top:107px;left:262px}.m_i #h_k38{width:20px;height:18px;top:139px;left:231px}.m_i #h_k39{width:14px;height:14px;top:112px;left:191px}.m_i #h_k40{width:16px;height:16px;top:137px;left:205px}\n<\/style>\n<div class=\"content_middle\" id=\"hartaindex\"  align=\"center\">\n<p style=\"font-size:14; padding-top:20px;\"><b>Alege jude\u021bul t\u0103u de pe hart\u0103<\/b><\/p>\n<div class=\"m_i\" style=\"background-position: center; background-repeat: no-repeat; background-image: url('\/i\/harta-romania.png');\">\n\t<a class=\"m_k\" id=\"h_k0\" title=\"Bucuresti si jud. Ilfov\" href=\"\/bucuresti\/\">Vremea Bucuresti<\/a><br \/>\n\t<a class=\"m_k\" id=\"h_k1\" title=\"Cluj Napoca\" href=\"\/cluj\/cluj-napoca\/\">Vremea Cluj Napoca<\/a><br \/>\n\t<a class=\"m_k\" id=\"h_k2\" title=\"Constanta\" href=\"\/constanta\/constanta\/\">Vremea Constanta<\/a><br \/>\n\t<a class=\"m_k\" id=\"h_k3\" title=\"Iasi\" href=\"\/iasi\/iasi\/\">Vremea Iasi<\/a><br \/>\n\t<a class=\"m_k\" id=\"h_k4\" title=\"Timisoara\" href=\"\/timis\/timisoara\/\">Vremea Timisoara<\/a><br \/>\n\t<a class=\"m_k\" id=\"h_k5\" title=\"Craiova\" href=\"\/dolj\/craiova\/\">Vremea Craiova<\/a><br \/>\n\t<a class=\"m_k\" id=\"h_k6\" title=\"Brasov\" href=\"\/brasov\/brasov\/\">Vremea Brasov<\/a><br \/>\n\t<a class=\"m_k\" id=\"h_k7\" title=\"Ploiesti\" href=\"\/prahova\/ploiesti\/\">Vremea Ploiesti<\/a><br \/>\n\t<a class=\"m_k\" id=\"h_k8\" title=\"Targoviste\" href=\"\/dambovita\/targoviste\/\">Vremea Targoviste<\/a><br \/>\n\t<a class=\"m_k\" id=\"h_k9\" title=\"Pitesti\" href=\"\/arges\/pitesti\/\">Vremea Pitesti<\/a><br \/>\n\t<a class=\"m_k\" id=\"h_k10\" title=\"Ramnicu Valcea\" href=\"\/valcea\/ramnicuvalcea\/\">Vremea Ramnicu Valcea<\/a><br \/>\n\t<a class=\"m_k\" id=\"h_k11\" title=\"Targu Jiu\" href=\"\/gorj\/targujiu\/\">Vremea Targu Jiu<\/a><br \/>\n\t<a class=\"m_k\" id=\"h_k12\" title=\"Galati\" href=\"\/galati\/galati\/\">Vremea Galati<\/a><br \/>\n\t<a class=\"m_k\" id=\"h_k13\" title=\"Braila\" href=\"\/braila\/braila\/\">Vremea Braila<\/a><br \/>\n\t<a class=\"m_k\" id=\"h_k14\" title=\"Bacau\" href=\"\/bacau\/bacau\/\">Vremea Bacau<\/a><br \/>\n\t<a class=\"m_k\" id=\"h_k15\" title=\"Arad\" href=\"\/arad\/arad\/\">Vremea Arad<\/a><br \/>\n\t<a class=\"m_k\" id=\"h_k16\" title=\"Oradea\" href=\"\/bihor\/oradea\/\">Vremea Oradea<\/a><br \/>\n\t<a class=\"m_k\" id=\"h_k17\" title=\"Satu Mare\" href=\"\/satumare\/satumare\/\">Vremea Satu Mare<\/a><br \/>\n\t<a class=\"m_k\" id=\"h_k18\" title=\"Baia Mare\" href=\"\/maramures\/baiamare\/\">Vremea Baia Mare<\/a><br \/>\n\t<a class=\"m_k\" id=\"h_k19\" title=\"Zalau\" href=\"\/salaj\/zalau\/\">Vremea Zalau<\/a><br \/>\n\t<a class=\"m_k\" id=\"h_k20\" title=\"Bistrita\" href=\"\/bistritanasaud\/bistrita\/\">Vremea Bistrita<\/a><br \/>\n\t<a class=\"m_k\" id=\"h_k21\" title=\"Targu Mures\" href=\"\/mures\/targumures\/\">Vremea Targu Mures<\/a><br \/>\n\t<a class=\"m_k\" id=\"h_k22\" title=\"Sibiu\" href=\"\/sibiu\/sibiu\/\">Vremea Sibiu<\/a><br \/>\n\t<a class=\"m_k\" id=\"h_k23\" title=\"Alba Iulia\" href=\"\/alba\/albaiulia\/\">Vremea Alba Iulia<\/a><br \/>\n\t<a class=\"m_k\" id=\"h_k24\" title=\"Petrosani\" href=\"\/hunedoara\/petrosani\/\">Vremea Petrosani<\/a><br \/>\n\t<a class=\"m_k\" id=\"h_k25\" title=\"Caransebes\" href=\"\/carasseverin\/caransebes\/\">Vremea Caransebes<\/a><br \/>\n\t<a class=\"m_k\" id=\"h_k26\" title=\"Drobeta Turnu Severin\" href=\"\/mehedinti\/drobetaturnuseverin\/\">Vremea Drobeta Turnu Severin<\/a><br \/>\n\t<a class=\"m_k\" id=\"h_k27\" title=\"Slatina\" href=\"\/olt\/slatina\/\">Vremea Slatina<\/a><br \/>\n\t<a class=\"m_k\" id=\"h_k28\" title=\"Alexandria\" href=\"\/teleorman\/alexandria\/\">Vremea Alexandria<\/a><br \/>\n\t<a class=\"m_k\" id=\"h_k29\" title=\"Giurgiu\" href=\"\/giurgiu\/giurgiu\/\">Vremea Giurgiu<\/a><br \/>\n\t<a class=\"m_k\" id=\"h_k30\" title=\"Calarasi\" href=\"\/calarasi\/calarasi\/\">Vremea Calarasi<\/a><br \/>\n\t<a class=\"m_k\" id=\"h_k31\" title=\"Slobozia\" href=\"\/ialomita\/slobozia\/\">Vremea Slobozia<\/a><br \/>\n\t<a class=\"m_k\" id=\"h_k32\" title=\"Buzau\" href=\"\/buzau\/buzau\/\">Vremea Buzau<\/a><br \/>\n\t<a class=\"m_k\" id=\"h_k33\" title=\"Tulcea\" href=\"\/tulcea\/tulcea\/\">Vremea Tulcea<\/a><br \/>\n\t<a class=\"m_k\" id=\"h_k34\" title=\"Suceava\" href=\"\/suceava\/suceava\/\">Vremea Suceava<\/a><br \/>\n\t<a class=\"m_k\" id=\"h_k35\" title=\"Botosani\" href=\"\/botosani\/botosani\/\">Vremea Botosani<\/a><br \/>\n\t<a class=\"m_k\" id=\"h_k36\" title=\"Piatra Neamt\" href=\"\/neamt\/piatraneamt\/\">Vremea Piatra Neamt<\/a><br \/>\n\t<a class=\"m_k\" id=\"h_k37\" title=\"Vaslui\" href=\"\/vaslui\/vaslui\/\">Vremea Vaslui<\/a><br \/>\n\t<a class=\"m_k\" id=\"h_k38\" title=\"Focsani\" href=\"\/vrancea\/focsani\/\">Vremea Focsani<\/a><br \/>\n\t<a class=\"m_k\" id=\"h_k39\" title=\"Miercurea Ciuc\" href=\"\/harghita\/miercureaciuc\/\">Vremea Miercurea Ciuc<\/a><br \/>\n\t<a class=\"m_k\" id=\"h_k40\" title=\"Sfantu Gheorghe\" href=\"\/covasna\/sfantugheorghe\/\">Vremea Sfantu Gheorghe<\/a><\/p>\n<\/div>\n<p> \n<\/div>\n<div>\n<blockquote><p>Vremea.ro v\u0103 prezint\u0103 starea vremii pentru localitatea dumneavoastr\u0103 precum \u0219i prognoza meteo pentru urm\u0103toarele zile. Afla\u021bi dintr-o privire, printr-o interfa\u021b\u0103 grafic\u0103 prietenoas\u0103, care este situa\u021bia meteorologica curent\u0103, precum \u0219i alte date ale sta\u021biei meteo, precum temperatura, cantitatea de precipita\u021bii \u0219i viteza v\u00e2ntului. Prognoza Vremea.ro, bazat\u0103 pe datele <em>Centrului European pentru Prognoze pe Termen Mediu<\/em>, are o precizie de 95% pentru zona cu inaltime geopotentiala de 500 hPa. <\/p><\/blockquote>\n<\/div>\n<p><!--lk--><a title=\"Vremea Alba Iulia, jud. Alba\" href=\"http:\/\/www.vremea.ro\/alba\/albaiulia\/\">Alba Iulia<\/a> <a title=\"Vremea Arad, jud. Arad\" href=\"http:\/\/www.vremea.ro\/arad\/arad\/\">Arad<\/a> <a title=\"Vremea Pitesti, jud. Arges\" href=\"http:\/\/www.vremea.ro\/arges\/pitesti\/\">Pitesti<\/a> <a title=\"Vremea Bacau, jud. Bacau\" href=\"http:\/\/www.vremea.ro\/bacau\/bacau\/\">Bacau<\/a> <a title=\"Vremea Oradea, jud. Bihor\" href=\"http:\/\/www.vremea.ro\/bihor\/oradea\/\">Oradea<\/a> <a title=\"Vremea Botosani, jud. Botosani\" href=\"http:\/\/www.vremea.ro\/botosani\/botosani\/\">Botosani<\/a> <a title=\"Vremea Braila, jud. Braila\" href=\"http:\/\/www.vremea.ro\/braila\/braila\/\">Braila<\/a> <a title=\"Vremea Giurgiu, jud. Giurgiu\" href=\"http:\/\/www.vremea.ro\/giurgiu\/giurgiu\/\">Giurgiu<\/a> <a title=\"Vremea Targu Jiu, jud. Gorj\" href=\"http:\/\/www.vremea.ro\/gorj\/targujiu\/\">Tg Jiu<\/a> <a title=\"Vremea Baia-Mare, jud. Maramures\" href=\"http:\/\/www.vremea.ro\/maramures\/baiamare\/\">Baia-Mare<\/a> <a title=\"Vremea Dr. Turnu Severin, jud. Mehedinti\" href=\"http:\/\/www.vremea.ro\/mehedinti\/drobetaturnuseverin\/\">Drobeta Tr. Severin<\/a> <a title=\"Vremea Slatina, jud. Olt\" href=\"http:\/\/www.vremea.ro\/olt\/slatina\/\">Slatina<\/a> <a title=\"Vremea Satu-Mare, jud. Satu-Mare\" href=\"http:\/\/www.vremea.ro\/satumare\/satumare\/\">Satu-Mare<\/a> <a title=\"Vremea Sibiu, jud. Sibiu\" href=\"http:\/\/www.vremea.ro\/sibiu\/sibiu\/\">Sibiu<\/a> <a title=\"Vremea Suceava, jud. Suceava\" href=\"http:\/\/www.vremea.ro\/suceava\/suceava\/\">Suceava<\/a> <a title=\"Vremea Tulcea, jud. Tulcea\" href=\"http:\/\/www.vremea.ro\/tulcea\/tulcea\/\">Tulcea<\/a> <a title=\"Vremea Rm. Valcea, jud. Valcea\" href=\"http:\/\/www.vremea.ro\/valcea\/ramnicuvalcea\/\">Ramnicu-Valcea<\/a> <a title=\"Vremea Focsani, jud. Vrancea\" href=\"http:\/\/www.vremea.ro\/vrancea\/focsani\/\">Focsani<\/a> <a title=\"Vremea Bistrita, jud. Bistrita-Nasaud\" href=\"http:\/\/www.vremea.ro\/bistritanasaud\/bistrita\/\">Bistrita<\/a> <a title=\"Vremea Zalau, jud. Salaj\" href=\"http:\/\/www.vremea.ro\/salaj\/zalau\/\">Zalau<\/a> <a title=\"Vremea Covasna, jud. Covasna\" href=\"http:\/\/www.vremea.ro\/covasna\/covasna\/\">Covasna<\/a> <!--nd--><\/p>\n","protected":false},"excerpt":{"rendered":"<p>Vremea.ro Alege jude\u021bul t\u0103u de pe hart\u0103 Vremea Bucuresti Vremea Cluj Napoca Vremea Constanta Vremea Iasi Vremea Timisoara Vremea Craiova Vremea Brasov Vremea Ploiesti Vremea Targoviste Vremea Pitesti Vremea Ramnicu Valcea Vremea Targu Jiu Vremea Galati Vremea Braila Vremea Bacau Vremea Arad Vremea Oradea Vremea Satu Mare Vremea Baia Mare Vremea Zalau Vremea Bistrita Vremea [&hellip;]<\/p>\n","protected":false},"author":1,"featured_media":0,"parent":0,"menu_order":0,"comment_status":"closed","ping_status":"closed","template":"page-templates\/full-width.php","meta":{"jetpack_post_was_ever_published":false,"footnotes":""},"class_list":["post-4","page","type-page","status-publish","hentry"],"jetpack_sharing_enabled":true,"_links":{"self":[{"href":"https:\/\/www.vremea.ro\/gt\/wp-json\/wp\/v2\/pages\/4","targetHints":{"allow":["GET"]}}],"collection":[{"href":"https:\/\/www.vremea.ro\/gt\/wp-json\/wp\/v2\/pages"}],"about":[{"href":"https:\/\/www.vremea.ro\/gt\/wp-json\/wp\/v2\/types\/page"}],"author":[{"embeddable":true,"href":"https:\/\/www.vremea.ro\/gt\/wp-json\/wp\/v2\/users\/1"}],"replies":[{"embeddable":true,"href":"https:\/\/www.vremea.ro\/gt\/wp-json\/wp\/v2\/comments?post=4"}],"version-history":[{"count":62,"href":"https:\/\/www.vremea.ro\/gt\/wp-json\/wp\/v2\/pages\/4\/revisions"}],"predecessor-version":[{"id":2524,"href":"https:\/\/www.vremea.ro\/gt\/wp-json\/wp\/v2\/pages\/4\/revisions\/2524"}],"wp:attachment":[{"href":"https:\/\/www.vremea.ro\/gt\/wp-json\/wp\/v2\/media?parent=4"}],"curies":[{"name":"wp","href":"https:\/\/api.w.org\/{rel}","templated":true}]}}