{"id":88,"date":"2013-09-24T18:26:33","date_gmt":"2013-09-24T15:26:33","guid":{"rendered":"http:\/\/www.vremea.ro\/?page_id=88"},"modified":"2023-05-12T11:46:44","modified_gmt":"2023-05-12T08:46:44","slug":"vremea-romania","status":"publish","type":"page","link":"https:\/\/www.vremea.ro\/gt\/vremea-romania\/","title":{"rendered":"Vremea \u00een Romania"},"content":{"rendered":"<h2><a title=\"Vremea.ro\" href=\"https:\/\/www.vremea.ro\/\"><img loading=\"lazy\" decoding=\"async\" class=\"aligncenter\" style=\"border: 0 !important; box-shadow: none !important; margin-bottom: 46px;\" src=\"https:\/\/www.vremea.ro\/vremea-ro.png\" alt=\"vremea.ro\" width=\"520\" height=\"98\"><\/a><\/h2>\n<div align=\"center\">\n<h3 style=\"padding: 0px 0px 1px 0px !important; margin: 0px 0px 1px 0px !important;\">Servicii meteo utile<\/h3>\n<p><img decoding=\"async\" style=\"margin: 1px !important; padding: 4px !important;\" src=\"\/i\/meteo-sites.png\" usemap=\"#international\"><\/p>\n<map id=\"international\" name=\"international\">\n<area title=\"Vremea in lume de la Organizatia Mondiala Meteo\" alt=\"Vremea in lume de la Organizatia Mondiala Meteo\" coords=\"27,5,97,99\" shape=\"rect\" href=\"http:\/\/worldweather.wmo.int\/\" target=\"_blank\">\n<area title=\"Imagini din satelit oferite de Eumetsat\" alt=\"Imagini din satelit oferite de Eumetsat\" coords=\"129,6,239,98\" shape=\"rect\" href=\"http:\/\/oiswww.eumetsat.org\/IPPS\/html\/MTP\/PRODUCTS\/MPE\/EUROPE\/index.htm\" target=\"_blank\">\n<area title=\"Harta radar ANM\" alt=\"Harta radar ANM\" coords=\"280,13,367,92\" shape=\"rect\" href=\"http:\/\/www.inmh.ro\/images\/radarg\/index.radar.php\" target=\"_blank\">\n<area title=\"Prognoza ido\" alt=\"Prognoza ido\" coords=\"390,9,544,98\" shape=\"rect\" href=\"https:\/\/www.ido.ro\/\" target=\"_blank\">\n<area title=\"Avertizari meteo Europa\" alt=\"Avertizari meteo Europa\" coords=\"567,24,754,83\" shape=\"rect\" href=\"http:\/\/www.meteoalarm.eu\/index.php?lang=ro_RO\" target=\"_blank\">\n<area title=\"Observatii meteo METAR de la NOAA, Serviciul Meteo National SUA\" alt=\"Observatii meteo METAR de la NOAA, Serviciul Meteo National SUA\" coords=\"792,6,879,93\" shape=\"rect\" href=\"http:\/\/weather.noaa.gov\/\" target=\"_blank\">\n <\/map>\n<\/div>\n<div>\n<blockquote><p>Vremea.ro afi\u0219eaz\u0103 prognoza meteorologic\u0103 pentru urm\u0103toarele zile pentru ora\u0219ul dvs. precum \u0219i starea vremi actual\u0103. V\u0103 prezent\u0103m printr-o interfa\u021b\u0103 grafic\u0103 sipl\u0103 care este situa\u021bia vremii din acest moment, precum \u0219i alte date ale sta\u021biei meteorologice, precum temperatura curent\u0103, cantitatea de precipita\u021bii, viteza \u0219i direc\u021bia v\u00e2ntului. Previziunile Vremea.ro, bazate pe modelul de prognoz\u0103 numeric <em>GFS<\/em>, are o precizie de 95% pentru zona cu inaltime geopotentiala de 500 hPa.<\/p><\/blockquote>\n<\/div>\n","protected":false},"excerpt":{"rendered":"<p>Servicii meteo utile Vremea.ro afi\u0219eaz\u0103 prognoza meteorologic\u0103 pentru urm\u0103toarele zile pentru ora\u0219ul dvs. precum \u0219i starea vremi actual\u0103. V\u0103 prezent\u0103m printr-o interfa\u021b\u0103 grafic\u0103 sipl\u0103 care este situa\u021bia vremii din acest moment, precum \u0219i alte date ale sta\u021biei meteorologice, precum temperatura curent\u0103, cantitatea de precipita\u021bii, viteza \u0219i direc\u021bia v\u00e2ntului. Previziunile Vremea.ro, bazate pe modelul de prognoz\u0103 [&hellip;]<\/p>\n","protected":false},"author":1,"featured_media":0,"parent":0,"menu_order":0,"comment_status":"open","ping_status":"closed","template":"page-templates\/full-width.php","meta":{"jetpack_post_was_ever_published":false,"footnotes":""},"class_list":["post-88","page","type-page","status-publish","hentry"],"jetpack_sharing_enabled":true,"_links":{"self":[{"href":"https:\/\/www.vremea.ro\/gt\/wp-json\/wp\/v2\/pages\/88","targetHints":{"allow":["GET"]}}],"collection":[{"href":"https:\/\/www.vremea.ro\/gt\/wp-json\/wp\/v2\/pages"}],"about":[{"href":"https:\/\/www.vremea.ro\/gt\/wp-json\/wp\/v2\/types\/page"}],"author":[{"embeddable":true,"href":"https:\/\/www.vremea.ro\/gt\/wp-json\/wp\/v2\/users\/1"}],"replies":[{"embeddable":true,"href":"https:\/\/www.vremea.ro\/gt\/wp-json\/wp\/v2\/comments?post=88"}],"version-history":[{"count":23,"href":"https:\/\/www.vremea.ro\/gt\/wp-json\/wp\/v2\/pages\/88\/revisions"}],"predecessor-version":[{"id":3600,"href":"https:\/\/www.vremea.ro\/gt\/wp-json\/wp\/v2\/pages\/88\/revisions\/3600"}],"wp:attachment":[{"href":"https:\/\/www.vremea.ro\/gt\/wp-json\/wp\/v2\/media?parent=88"}],"curies":[{"name":"wp","href":"https:\/\/api.w.org\/{rel}","templated":true}]}}